{"id":88,"date":"2020-12-13T21:19:09","date_gmt":"2020-12-13T21:19:09","guid":{"rendered":"http:\/\/localhost:8080\/policianacional\/transparencia\/?page_id=88"},"modified":"2021-07-03T11:49:15","modified_gmt":"2021-07-03T11:49:15","slug":"nombre-del-responsable-de-acceso-a-la-informacion-y-medios-para-contactarle","status":"publish","type":"page","link":"https:\/\/ipe.edu.do\/transparencia\/oficina-de-libre-acceso-a-la-informacion-oai\/nombre-del-responsable-de-acceso-a-la-informacion-y-medios-para-contactarle\/","title":{"rendered":"Nombre del Responsable de Acceso a la Informaci\u00f3n y Medios para Contactarle"},"content":{"rendered":"<h3>Coronel, Lic. Braulio J. Feliz Cabrera, P.N.<\/h3>\n<p><strong>Responsable de Acceso a la Informacion (RAI)<\/strong><\/p>\n<p><strong>Tel\u00e9fonos:<\/strong> Oficina: (809) 682-2151 Ext. 2218<br \/>\n<strong>Correo electr\u00f3nico:<\/strong> oai@policia.gob.do<br \/>\n<strong>Direcci\u00f3n F\u00edsica:<\/strong> Palacio de la Polic\u00eda Nacional (Sede Central), Segunda Planta, Ave. Leopoldo Navarro No. 402, Gazcue, Santo Domingo, D.N., Rep\u00fablica Dominicana. Apartado Postal: 10205<\/p>\n","protected":false},"excerpt":{"rendered":"<p>Coronel, Lic. Braulio J. Feliz Cabrera, P.N. Responsable de Acceso a la Informacion (RAI) Tel\u00e9fonos: Oficina: (809) 682-2151 Ext. 2218 Correo electr\u00f3nico: oai@policia.gob.do Direcci\u00f3n F\u00edsica: Palacio de la Polic\u00eda Nacional (Sede Central), Segunda Planta, Ave. Leopoldo Navarro No. 402, Gazcue, Santo Domingo, D.N., Rep\u00fablica Dominicana. Apartado Postal: 10205<\/p>\n","protected":false},"author":1,"featured_media":0,"parent":78,"menu_order":0,"comment_status":"closed","ping_status":"closed","template":"","meta":{"_monsterinsights_skip_tracking":false,"_monsterinsights_sitenote_active":false,"_monsterinsights_sitenote_note":"","_monsterinsights_sitenote_category":0,"_uf_show_specific_survey":0,"_uf_disable_surveys":false,"footnotes":""},"class_list":["post-88","page","type-page","status-publish","hentry"],"aioseo_notices":[],"_links":{"self":[{"href":"https:\/\/ipe.edu.do\/transparencia\/wp-json\/wp\/v2\/pages\/88","targetHints":{"allow":["GET"]}}],"collection":[{"href":"https:\/\/ipe.edu.do\/transparencia\/wp-json\/wp\/v2\/pages"}],"about":[{"href":"https:\/\/ipe.edu.do\/transparencia\/wp-json\/wp\/v2\/types\/page"}],"author":[{"embeddable":true,"href":"https:\/\/ipe.edu.do\/transparencia\/wp-json\/wp\/v2\/users\/1"}],"replies":[{"embeddable":true,"href":"https:\/\/ipe.edu.do\/transparencia\/wp-json\/wp\/v2\/comments?post=88"}],"version-history":[{"count":3,"href":"https:\/\/ipe.edu.do\/transparencia\/wp-json\/wp\/v2\/pages\/88\/revisions"}],"predecessor-version":[{"id":276,"href":"https:\/\/ipe.edu.do\/transparencia\/wp-json\/wp\/v2\/pages\/88\/revisions\/276"}],"up":[{"embeddable":true,"href":"https:\/\/ipe.edu.do\/transparencia\/wp-json\/wp\/v2\/pages\/78"}],"wp:attachment":[{"href":"https:\/\/ipe.edu.do\/transparencia\/wp-json\/wp\/v2\/media?parent=88"}],"curies":[{"name":"wp","href":"https:\/\/api.w.org\/{rel}","templated":true}]}}