{"id":74,"date":"2020-12-13T21:16:52","date_gmt":"2020-12-13T21:16:52","guid":{"rendered":"http:\/\/localhost:8080\/policianacional\/transparencia\/?page_id=74"},"modified":"2021-07-03T11:29:24","modified_gmt":"2021-07-03T11:29:24","slug":"estructura-organica-de-la-institucion","status":"publish","type":"page","link":"https:\/\/ipe.edu.do\/transparencia\/estructura-organica-de-la-institucion\/","title":{"rendered":"Estructura Org\u00e1nica de la Instituci\u00f3n"},"content":{"rendered":"<p><img loading=\"lazy\" decoding=\"async\" class=\"aligncenter wp-image-247 size-full\" src=\"http:\/\/localhost:8080\/policianacional\/transparencia\/wp-content\/uploads\/2021\/07\/estructura_organica_policia_nacional_octubre_20181-772x1024-1.jpg\" alt=\"\" width=\"772\" height=\"1024\" srcset=\"https:\/\/ipe.edu.do\/transparencia\/wp-content\/uploads\/2021\/07\/estructura_organica_policia_nacional_octubre_20181-772x1024-1.jpg 772w, https:\/\/ipe.edu.do\/transparencia\/wp-content\/uploads\/2021\/07\/estructura_organica_policia_nacional_octubre_20181-772x1024-1-226x300.jpg 226w\" sizes=\"auto, (max-width: 772px) 100vw, 772px\" \/><\/p>\n<p>    <script type=\"text\/x-handlebars-template\" id=\"wpfd-template-categories\">        <div class=\"wpfd-categories\">{{#if category}}{{#with category}}<h2>{{name}}<\/h2>{{#if parent}}<a class=\"catlink backcategory\" href=\"#\" data-idcat=\"{{parent}}\">                        <i class=\"zmdi zmdi-chevron-left\"><\/i><span>Back<\/span><\/a>{{\/if}}{{\/with}}{{\/if}}{{#if categories}}{{#each categories}}<a class=\"wpfdcategory catlink\" style=\"margin : 10px 10px 10px 10px;\" href=\"#\" data-idcat=\"{{term_id}}\" title=\"{{name}}\">                                <span>{{name}}<\/span><i class=\"zmdi zmdi-folder wpfd-folder\"><\/i>                            <\/a>{{\/each}}{{\/if}}<div class=\"wpfdcategory_placeholder\" style=\"margin : 0 10px 0 10px;\"><\/div><div class=\"wpfdcategory_placeholder\" style=\"margin : 0 10px 0 10px;\"><\/div><div class=\"wpfdcategory_placeholder\" style=\"margin : 0 10px 0 10px;\"><\/div><\/div>    <\/script>    <script type=\"text\/x-handlebars-template\" id=\"wpfd-template-files\">        {{#if files}}        <div class=\"wpfd_list\">            {{#each files}}            <div class=\"file\" style=\"margin : 10px 10px 10px 10px;\" data-id=\"{{ID}}\" data-catid=\"{{catid}}\">                <div class=\"filecontent\">                    {{#if file_custom_icon}}                    <div class=\"icon-custom\"><img src=\"{{file_custom_icon}}\"><\/div>                    {{else}}                    <div class=\"ext ext-{{ext}}\"><span class=\"txt\">{{ext}}<\/span><\/div>                    {{\/if}}<h3><a href=\"{{linkdownload}}\" class=\"wpfd_downloadlink\" title=\"{{post_title}}\">{{{crop_title}}}<\/a><\/h3>                    <div class=\"file-xinfo\">                        {{#if description}}<div class=\"file-desc\">{{{description}}}<\/div>{{\/if}}{{#if versionNumber}}<div class=\"file-version\"><span>Version:<\/span> {{versionNumber}}<\/div>{{\/if}}<div class=\"file-size\"><span>Size:<\/span> {{bytesToSize size}}<\/div><div class=\"file-hits\"><span>Hits:<\/span> {{hits}}<\/div><div class=\"file-dated\"><span>Date added:<\/span> {{created}}<\/div>                    <\/div>                <\/div>                <span class=\"file-right\">                    <a class=\"downloadlink wpfd_downloadlink\"  href=\"{{linkdownload}}\" style=\"background-color:#76bc58;color:#ffffff;\">Download<i class=\"zmdi zmdi-cloud-download wpfd-download\"><\/i><\/a>{{#if openpdflink}}<a class=\"openlink wpfdlightbox wpfd_previewlink\" href=\"{{openpdflink}}\" target=\"\">Preview                            <i class=\"zmdi zmdi-filter-center-focus wpfd-preview\"><\/i>                        <\/a>{{else}}{{#if viewerlink}}<a                            href=\"{{viewerlink}}\"                            class=\"openlink wpfdlightbox wpfd_previewlink\"                            target=\"\"                            data-id=\"{{ID}}\"                            data-catid=\"{{catid}}\"                            data-file-type=\"{{ext}}\">Preview<i class=\"zmdi zmdi-filter-center-focus wpfd-preview\"><\/i>                        <\/a>{{\/if}}{{\/if}}                <\/span>            <\/div>            {{\/each}}            <div class=\"file flex_span\" style=\"margin : 10px 10px 10px 10px;\"><\/div>        <\/div>        {{\/if}}    <\/script><div class=\"wpfd-content wpfd-content-default wpfd-content-multi\" data-category=\"23\"><input type=\"hidden\" id=\"current_category_23\" value=\"23\" \/>                    <input type=\"hidden\" id=\"current_category_slug_23\" value=\"estructura-organica\" \/>                    <input type=\"hidden\" id=\"current_ordering_23\" value=\"title\" \/>                    <input type=\"hidden\" id=\"current_ordering_direction_23\" value=\"desc\" \/><ul class=\"breadcrumbs wpfd-breadcrumbs-default head-category-default\">                            <li class=\"active\">Estructura Org\u00e1nica<\/li>                        <\/ul><div class=\"wpfd-container\">        <div class=\"wpfd-open-tree\"><\/div>    <div class=\"wpfd-container-default \">        <div class=\"wpfd-categories\"><h2>Estructura Org\u00e1nica<\/h2><\/div>                    <div class=\"wpfd_list\">                                    <div class=\"file\" style=\"margin : 10px 10px 10px 10px;\"                         data-id=\"249\"                         data-catid=\"23\">                        <div class=\"filecontent\">                            <div class=\"ext ext-pdf\"><span class=\"txt\">pdf<\/div><h3><a href=\"https:\/\/ipe.edu.do\/transparencia\/download\/23\/estructura-organica\/249\/nota-resolucion-propuesta-de-actualizacion-de-la-estructura-organica-de-la-policia-nacional.pdf\" class=\"wpfd_downloadlink\" title=\"NOTA: Resoluci\u00f3n propuesta de actualizaci\u00f3n de la estructura org\u00e1nica de la Polic\u00eda Nacional\">NOTA: Resoluci\u00f3n propuesta de actualizaci\u00f3n de la estructura org\u00e1nica de la Polic\u00eda Nacional<\/a><\/h3>                            <div class=\"file-xinfo\">                                <div class=\"file-size\"><span>Size:<\/span> 3.85 MB<\/div><div class=\"file-hits\"><span>Hits:<\/span> 195<\/div><div class=\"file-dated\"><span>Date added:<\/span> 03-07-2021<\/div>                            <\/div>                        <\/div>                        <div class=\"file-right\">                            <a class=\"downloadlink wpfd_downloadlink\"  href=\"https:\/\/ipe.edu.do\/transparencia\/download\/23\/estructura-organica\/249\/nota-resolucion-propuesta-de-actualizacion-de-la-estructura-organica-de-la-policia-nacional.pdf\" style=\"background-color:#76bc58;color:#ffffff;\">Download<i class=\"zmdi zmdi-cloud-download wpfd-download\"><\/i><\/a><a                            href=\"https:\/\/docs.google.com\/viewer?url=https%3A%2F%2Fipe.edu.do%2Ftransparencia%2Fwp-admin%2Fadmin-ajax.php%3Fjuwpfisadmin%3Dfalse%26action%3Dwpfd%26task%3Dfile.download%26wpfd_category_id%3D23%26wpfd_file_id%3D249%26token%3D%26preview%3D1&#038;embedded=true\"                            class=\"openlink wpfdlightbox wpfd_previewlink\"                            target=\"\"                            data-id=\"249\"                            data-catid=\"23\"                            data-file-type=\"pdf\">Preview<i class=\"zmdi zmdi-filter-center-focus wpfd-preview\"><\/i>                        <\/a>                        <\/div>                    <\/div>                                <div class=\"file flex_span\" style=\"margin : 10px 10px 10px 10px;\"><\/div>            <\/div>            <\/div><\/div><\/div><\/p>\n","protected":false},"excerpt":{"rendered":"<p>Estructura Org\u00e1nica Estructura Org\u00e1nica pdfNOTA: Resoluci\u00f3n propuesta de actualizaci\u00f3n de la estructura org\u00e1nica de la Polic\u00eda Nacional Size: 3.85 MBHits: 195Date added: 03-07-2021 DownloadPreview<\/p>\n","protected":false},"author":1,"featured_media":0,"parent":0,"menu_order":0,"comment_status":"closed","ping_status":"closed","template":"","meta":{"_monsterinsights_skip_tracking":false,"_monsterinsights_sitenote_active":false,"_monsterinsights_sitenote_note":"","_monsterinsights_sitenote_category":0,"_uf_show_specific_survey":0,"_uf_disable_surveys":false,"footnotes":""},"class_list":["post-74","page","type-page","status-publish","hentry"],"aioseo_notices":[],"_links":{"self":[{"href":"https:\/\/ipe.edu.do\/transparencia\/wp-json\/wp\/v2\/pages\/74","targetHints":{"allow":["GET"]}}],"collection":[{"href":"https:\/\/ipe.edu.do\/transparencia\/wp-json\/wp\/v2\/pages"}],"about":[{"href":"https:\/\/ipe.edu.do\/transparencia\/wp-json\/wp\/v2\/types\/page"}],"author":[{"embeddable":true,"href":"https:\/\/ipe.edu.do\/transparencia\/wp-json\/wp\/v2\/users\/1"}],"replies":[{"embeddable":true,"href":"https:\/\/ipe.edu.do\/transparencia\/wp-json\/wp\/v2\/comments?post=74"}],"version-history":[{"count":3,"href":"https:\/\/ipe.edu.do\/transparencia\/wp-json\/wp\/v2\/pages\/74\/revisions"}],"predecessor-version":[{"id":250,"href":"https:\/\/ipe.edu.do\/transparencia\/wp-json\/wp\/v2\/pages\/74\/revisions\/250"}],"wp:attachment":[{"href":"https:\/\/ipe.edu.do\/transparencia\/wp-json\/wp\/v2\/media?parent=74"}],"curies":[{"name":"wp","href":"https:\/\/api.w.org\/{rel}","templated":true}]}}