{"id":7,"date":"2020-12-08T01:14:58","date_gmt":"2020-12-08T01:14:58","guid":{"rendered":"http:\/\/localhost:8080\/policianacional\/transparencia\/?page_id=7"},"modified":"2022-03-01T01:23:41","modified_gmt":"2022-03-01T01:23:41","slug":"inicio","status":"publish","type":"page","link":"https:\/\/ipe.edu.do\/transparencia\/","title":{"rendered":"Inicio"},"content":{"rendered":"<div class=\"wpb-content-wrapper\"><section class=\"l-section wpb_row height_medium\"><div class=\"l-section-h i-cf\"><div class=\"g-cols vc_row type_default valign_top\"><div class=\"vc_col-sm-12 wpb_column vc_column_container\"><div class=\"vc_column-inner\"><div class=\"wpb_wrapper\"><div class=\"w-image align_none\"><div class=\"w-image-h\"><img loading=\"lazy\" decoding=\"async\" width=\"1000\" height=\"400\" src=\"https:\/\/ipe.edu.do\/transparencia\/wp-content\/uploads\/2022\/03\/transparencia-ipe.png\" class=\"attachment-full size-full\" alt=\"\" srcset=\"https:\/\/ipe.edu.do\/transparencia\/wp-content\/uploads\/2022\/03\/transparencia-ipe.png 1000w, https:\/\/ipe.edu.do\/transparencia\/wp-content\/uploads\/2022\/03\/transparencia-ipe-300x120.png 300w, https:\/\/ipe.edu.do\/transparencia\/wp-content\/uploads\/2022\/03\/transparencia-ipe-600x240.png 600w\" sizes=\"auto, (max-width: 1000px) 100vw, 1000px\" \/><\/div><\/div><\/div><\/div><\/div><\/div><\/div><\/section><section class=\"l-section wpb_row height_medium\"><div class=\"l-section-h i-cf\"><div class=\"g-cols vc_row type_default valign_top\"><div class=\"vc_col-sm-12 wpb_column vc_column_container\"><div class=\"vc_column-inner\"><div class=\"wpb_wrapper\"><div class=\"wpb_text_column\" ><div class=\"wpb_wrapper\"><p>Para dar Cumplimiento a la Ley 200-04 de Libre Acceso a la Informaci\u00f3n P\u00fablica y al Decreto 130-05 que aprueba su Reglamento de Aplicaci\u00f3n, la Policia Nacional pone a disposici\u00f3n de los ciudadanos los contenidos de transparencia considerados en esta.<\/p>\n<p><a href=\"https:\/\/transparenciafiscal.gob.do\/\" target=\"_blank\" rel=\"noopener noreferrer\"><img loading=\"lazy\" decoding=\"async\" class=\"aligncenter wp-image-45 size-full\" src=\"http:\/\/localhost:8080\/policianacional\/transparencia\/wp-content\/uploads\/2020\/12\/banner_transparenciafiscal_pn_2019.jpg\" alt=\"\" width=\"996\" height=\"95\" srcset=\"https:\/\/ipe.edu.do\/transparencia\/wp-content\/uploads\/2020\/12\/banner_transparenciafiscal_pn_2019.jpg 996w, https:\/\/ipe.edu.do\/transparencia\/wp-content\/uploads\/2020\/12\/banner_transparenciafiscal_pn_2019-300x29.jpg 300w, https:\/\/ipe.edu.do\/transparencia\/wp-content\/uploads\/2020\/12\/banner_transparenciafiscal_pn_2019-600x57.jpg 600w\" sizes=\"auto, (max-width: 996px) 100vw, 996px\" \/><\/a><\/p>\n<\/div><\/div><\/div><\/div><\/div><\/div><\/div><\/section>\n<\/div>","protected":false},"excerpt":{"rendered":"Para dar Cumplimiento a la Ley 200-04 de Libre Acceso a la Informaci\u00f3n P\u00fablica y al Decreto 130-05 que aprueba su Reglamento de Aplicaci\u00f3n, la Policia Nacional pone a disposici\u00f3n de los ciudadanos los contenidos de transparencia considerados en esta.","protected":false},"author":1,"featured_media":0,"parent":0,"menu_order":0,"comment_status":"closed","ping_status":"closed","template":"","meta":{"_monsterinsights_skip_tracking":false,"_monsterinsights_sitenote_active":false,"_monsterinsights_sitenote_note":"","_monsterinsights_sitenote_category":0,"_uf_show_specific_survey":0,"_uf_disable_surveys":false,"footnotes":""},"class_list":["post-7","page","type-page","status-publish","hentry"],"aioseo_notices":[],"_links":{"self":[{"href":"https:\/\/ipe.edu.do\/transparencia\/wp-json\/wp\/v2\/pages\/7","targetHints":{"allow":["GET"]}}],"collection":[{"href":"https:\/\/ipe.edu.do\/transparencia\/wp-json\/wp\/v2\/pages"}],"about":[{"href":"https:\/\/ipe.edu.do\/transparencia\/wp-json\/wp\/v2\/types\/page"}],"author":[{"embeddable":true,"href":"https:\/\/ipe.edu.do\/transparencia\/wp-json\/wp\/v2\/users\/1"}],"replies":[{"embeddable":true,"href":"https:\/\/ipe.edu.do\/transparencia\/wp-json\/wp\/v2\/comments?post=7"}],"version-history":[{"count":18,"href":"https:\/\/ipe.edu.do\/transparencia\/wp-json\/wp\/v2\/pages\/7\/revisions"}],"predecessor-version":[{"id":706,"href":"https:\/\/ipe.edu.do\/transparencia\/wp-json\/wp\/v2\/pages\/7\/revisions\/706"}],"wp:attachment":[{"href":"https:\/\/ipe.edu.do\/transparencia\/wp-json\/wp\/v2\/media?parent=7"}],"curies":[{"name":"wp","href":"https:\/\/api.w.org\/{rel}","templated":true}]}}