{"id":54,"date":"2020-12-11T02:21:22","date_gmt":"2020-12-11T02:21:22","guid":{"rendered":"http:\/\/localhost:8080\/policianacional\/transparencia\/?page_id=54"},"modified":"2021-07-03T17:57:51","modified_gmt":"2021-07-03T17:57:51","slug":"declaracion-jurada-de-patrimonio","status":"publish","type":"page","link":"https:\/\/ipe.edu.do\/transparencia\/declaracion-jurada-de-patrimonio\/","title":{"rendered":"Declaraci\u00f3n Jurada de Patrimonio"},"content":{"rendered":"<p>Los Datos personales han sido protegidos de conformidad con el art\u00edculo 18 de la Ley 200-04 de Libre Accceso a la Informaci\u00f3n P\u00fablica, de fecha 28 de junio de 2004 y el art\u00edculo 28 de su Reglamento de aplicaci\u00f3n, aprobado mediante Decreto 130-05, de fecha 25 de febrero de 2005.<\/p>\n<h2>Ley 311-14<\/h2>\n<p><strong>Que instituye el Sistema Nacional Automatizado y Uniforme de Declaraciones Juradas de Patrimonio de los Funcionarios y Servidores P\u00fablicos, de fecha 8 de agosto de 2014<\/strong><\/p>\n<p><strong>Art\u00edculo 1.- Objeto.<\/strong> La presente ley tiene por objeto instituir el Sistema Nacional Automatizado y Uniforme de Declaraciones Juradas de Patrimonio; establecer las instituciones responsables de su aplicaci\u00f3n y jerarquizar su autoridad, facilitar la coordinaci\u00f3n institucional, promover la gesti\u00f3n \u00e9tica y proveer a los \u00f3rganos p\u00fablicos de control e investigaci\u00f3n de la corrupci\u00f3n administrativa las herramientas normativas que le\u00b7 permitan ejercer sus funciones de manera eficiente.<\/p>\n<p><strong>Art\u00edculo 2.-<\/strong> Funcionarios obligados a declarar. Quedan obligados a presentar declaraciones juradas de patrimonio los funcionarios siguientes:<\/p>\n<p>l. El Presidente y Vicepresidente de la Rep\u00fablica;<\/p>\n<p>2. Los senadores y diputados, as\u00ed como los secretarios administrativos del Senado de la Rep\u00fablica y la C\u00e1mara de Diputados;<\/p>\n<p>3. Los jueces de la Suprema Corte de Justicia, de los tribunales superiores administrativos y los dem\u00e1s jueces del orden judicial;<\/p>\n<p>4. Los jueces del Tribunal Constitucional;<\/p>\n<p>5. Los jueces del Tribunal Superior Electoral:<\/p>\n<p>6. El Procurador General de la Rep\u00fablica, y sus adjuntos, y los dem\u00e1s miembros del Ministerio P\u00fablico;<\/p>\n<p>7. Los ministros y viceministros;<\/p>\n<p>8. El Defensor del Pueblo;<\/p>\n<p>9. El Gobernador y Vicegobernador, Gerente y Contralor del Banco Central;<\/p>\n<p>10. Los miembros de la C\u00e1mara de Cuentas de la Rep\u00fablica Dominicana;<\/p>\n<p>11. Los miembros de la Junta Central Electoral, el Director Nacional de Elecciones, el Director Nacional de Registro Civil;<\/p>\n<p>12. El Contralor General de la Rep\u00fablica;<\/p>\n<p>13. Los administradores y gerentes de bancos estatales;<\/p>\n<p>14. Alcaldes, vicealcaldes, regidores y tesoreros municipales;<\/p>\n<p>15. Los directores y tesoreros de los distritos municipales;<\/p>\n<p>16. El Secretario General y los subsecretarios de la Liga Municipal Dominicana;<\/p>\n<p>17. Los embajadores, c\u00f3nsules generales de la Rep\u00fablica Dominicana, acreditados en otros pa\u00edses y representantes ante organismos internacionales;<\/p>\n<p>18. Los administradores y subadministradores generales;<\/p>\n<p>19. Los directores nacionales, generales y subdirectores de \u00f3rganos centralizados y descentralizados del Estado;<\/p>\n<p>20. Los presidentes, vicepresidentes, superintendentes y administradores de empresas estatales;<\/p>\n<p>21. Los miembros de consejos de administraci\u00f3n de \u00f3rganos aut\u00f3nomos del Estado;<\/p>\n<p>22. Los gobernadores provinciales;<\/p>\n<p>23. Los jefes y subjefes de Estado Mayor de las instituciones militares, los oficiales generales y dem\u00e1s oficiales en posiciones de mando operativo o de administraci\u00f3n;<\/p>\n<p>24. El Jefe y subjefe de la Polic\u00eda Nacional, los encargados departamentales y regionales y dem\u00e1s oficiales en posiciones de mando operativo o de administraci\u00f3n;<\/p>\n<p>25. Los titulares de los cuerpos especializados de seguridad e inteligencia del Estado, los encargados departamentales y regionales y dem\u00e1s oficiales en posiciones de mando operativo o de administraci\u00f3n;<\/p>\n<p>26. El Presidente de la Direcci\u00f3n Nacional de Control de Drogas y los encargados departamentales y regionales y dem\u00e1s oficiales en posiciones de mando operativo o de administraci\u00f3n;<\/p>\n<p>27. Los miembros del Consejo Nacional de Drogas;<\/p>\n<p>28. Los miembros del Consejo Nacional de Seguridad Social, el Gerente General, el Tesorero y el Contralor de la Seguridad Social;<\/p>\n<p>29. El Tesorero Nacional;<\/p>\n<p>30. El Rector y vicerrectores de la Universidad Aut\u00f3noma de Santo Domingo;<\/p>\n<p>31. Los miembros de la Junta Monetaria;<\/p>\n<p>32. Los encargados de compras de las c\u00e1maras legislativas, de la Suprema Corte de Justicia, de los ministerios y de las direcciones generales y otros \u00f3rganos establecidos en el reglamento de aplicaci\u00f3n de esta ley;<\/p>\n<p>33. Los funcionarios de cualquier otra instituci\u00f3n aut\u00f3noma, centralizada o descentralizada del Estado que sea creada en el futuro y que administre fondos p\u00fablicos.<\/p>\n<p>    <script type=\"text\/x-handlebars-template\" id=\"wpfd-template-categories\">        <div class=\"wpfd-categories\">{{#if category}}{{#with category}}<h2>{{name}}<\/h2>{{#if parent}}<a class=\"catlink backcategory\" href=\"#\" data-idcat=\"{{parent}}\">                        <i class=\"zmdi zmdi-chevron-left\"><\/i><span>Back<\/span><\/a>{{\/if}}{{\/with}}{{\/if}}{{#if categories}}{{#each categories}}<a class=\"wpfdcategory catlink\" style=\"margin : 10px 10px 10px 10px;\" href=\"#\" data-idcat=\"{{term_id}}\" title=\"{{name}}\">                                <span>{{name}}<\/span><i class=\"zmdi zmdi-folder wpfd-folder\"><\/i>                            <\/a>{{\/each}}{{\/if}}<div class=\"wpfdcategory_placeholder\" style=\"margin : 0 10px 0 10px;\"><\/div><div class=\"wpfdcategory_placeholder\" style=\"margin : 0 10px 0 10px;\"><\/div><div class=\"wpfdcategory_placeholder\" style=\"margin : 0 10px 0 10px;\"><\/div><\/div>    <\/script>    <script type=\"text\/x-handlebars-template\" id=\"wpfd-template-files\">        {{#if files}}        <div class=\"wpfd_list\">            {{#each files}}            <div class=\"file\" style=\"margin : 10px 10px 10px 10px;\" data-id=\"{{ID}}\" data-catid=\"{{catid}}\">                <div class=\"filecontent\">                    {{#if file_custom_icon}}                    <div class=\"icon-custom\"><img src=\"{{file_custom_icon}}\"><\/div>                    {{else}}                    <div class=\"ext ext-{{ext}}\"><span class=\"txt\">{{ext}}<\/span><\/div>                    {{\/if}}<h3><a href=\"{{linkdownload}}\" class=\"wpfd_downloadlink\" title=\"{{post_title}}\">{{{crop_title}}}<\/a><\/h3>                    <div class=\"file-xinfo\">                        {{#if description}}<div class=\"file-desc\">{{{description}}}<\/div>{{\/if}}{{#if versionNumber}}<div class=\"file-version\"><span>Version:<\/span> {{versionNumber}}<\/div>{{\/if}}<div class=\"file-size\"><span>Size:<\/span> {{bytesToSize size}}<\/div><div class=\"file-hits\"><span>Hits:<\/span> {{hits}}<\/div><div class=\"file-dated\"><span>Date added:<\/span> {{created}}<\/div>                    <\/div>                <\/div>                <span class=\"file-right\">                    <a class=\"downloadlink wpfd_downloadlink\"  href=\"{{linkdownload}}\" style=\"background-color:#76bc58;color:#ffffff;\">Download<i class=\"zmdi zmdi-cloud-download wpfd-download\"><\/i><\/a>{{#if openpdflink}}<a class=\"openlink wpfdlightbox wpfd_previewlink\" href=\"{{openpdflink}}\" target=\"\">Preview                            <i class=\"zmdi zmdi-filter-center-focus wpfd-preview\"><\/i>                        <\/a>{{else}}{{#if viewerlink}}<a                            href=\"{{viewerlink}}\"                            class=\"openlink wpfdlightbox wpfd_previewlink\"                            target=\"\"                            data-id=\"{{ID}}\"                            data-catid=\"{{catid}}\"                            data-file-type=\"{{ext}}\">Preview<i class=\"zmdi zmdi-filter-center-focus wpfd-preview\"><\/i>                        <\/a>{{\/if}}{{\/if}}                <\/span>            <\/div>            {{\/each}}            <div class=\"file flex_span\" style=\"margin : 10px 10px 10px 10px;\"><\/div>        <\/div>        {{\/if}}    <\/script><div class=\"wpfd-content wpfd-content-default wpfd-content-multi\" data-category=\"14\"><input type=\"hidden\" id=\"current_category_14\" value=\"14\" \/>                    <input type=\"hidden\" id=\"current_category_slug_14\" value=\"declaracion-patrimonio\" \/>                    <input type=\"hidden\" id=\"current_ordering_14\" value=\"title\" \/>                    <input type=\"hidden\" id=\"current_ordering_direction_14\" value=\"desc\" \/><ul class=\"breadcrumbs wpfd-breadcrumbs-default head-category-default\">                            <li class=\"active\">Declaracion Patrimonio<\/li>                        <\/ul><div class=\"wpfd-container\">        <div class=\"wpfd-open-tree\"><\/div>    <div class=\"wpfd-container-default \">        <div class=\"wpfd-categories\"><h2>Declaracion Patrimonio<\/h2><a class=\"wpfdcategory catlink\" style=\"margin : 10px 10px 10px 10px;\" href=\"#\"                                   data-idcat=\"15\"                                   title=\"Dispensa\">                                    <span>Dispensa<\/span>                                    <i class=\"zmdi zmdi-folder wpfd-folder\"><\/i>                                <\/a><div class=\"wpfdcategory_placeholder\" style=\"margin : 0 10px 0 10px;\"><\/div><div class=\"wpfdcategory_placeholder\" style=\"margin : 0 10px 0 10px;\"><\/div><div class=\"wpfdcategory_placeholder\" style=\"margin : 0 10px 0 10px;\"><\/div><\/div>                    <div class=\"wpfd_list\">                                    <div class=\"file\" style=\"margin : 10px 10px 10px 10px;\"                         data-id=\"231\"                         data-catid=\"14\">                        <div class=\"filecontent\">                            <div class=\"ext ext-pdf\"><span class=\"txt\">pdf<\/div><h3><a href=\"https:\/\/ipe.edu.do\/transparencia\/download\/14\/declaracion-patrimonio\/231\/declaracion_jurada_inspector_general_1.pdf\" class=\"wpfd_downloadlink\" title=\"declaracion_jurada_inspector_general_1\">declaracion_jurada_inspector_general_1<\/a><\/h3>                            <div class=\"file-xinfo\">                                <div class=\"file-size\"><span>Size:<\/span> 1.11 MB<\/div><div class=\"file-hits\"><span>Hits:<\/span> 182<\/div><div class=\"file-dated\"><span>Date added:<\/span> 03-07-2021<\/div>                            <\/div>                        <\/div>                        <div class=\"file-right\">                            <a class=\"downloadlink wpfd_downloadlink\"  href=\"https:\/\/ipe.edu.do\/transparencia\/download\/14\/declaracion-patrimonio\/231\/declaracion_jurada_inspector_general_1.pdf\" style=\"background-color:#76bc58;color:#ffffff;\">Download<i class=\"zmdi zmdi-cloud-download wpfd-download\"><\/i><\/a><a                            href=\"https:\/\/docs.google.com\/viewer?url=https%3A%2F%2Fipe.edu.do%2Ftransparencia%2Fwp-admin%2Fadmin-ajax.php%3Fjuwpfisadmin%3Dfalse%26action%3Dwpfd%26task%3Dfile.download%26wpfd_category_id%3D14%26wpfd_file_id%3D231%26token%3D%26preview%3D1&#038;embedded=true\"                            class=\"openlink wpfdlightbox wpfd_previewlink\"                            target=\"\"                            data-id=\"231\"                            data-catid=\"14\"                            data-file-type=\"pdf\">Preview<i class=\"zmdi zmdi-filter-center-focus wpfd-preview\"><\/i>                        <\/a>                        <\/div>                    <\/div>                                    <div class=\"file\" style=\"margin : 10px 10px 10px 10px;\"                         data-id=\"230\"                         data-catid=\"14\">                        <div class=\"filecontent\">                            <div class=\"ext ext-pdf\"><span class=\"txt\">pdf<\/div><h3><a href=\"https:\/\/ipe.edu.do\/transparencia\/download\/14\/declaracion-patrimonio\/230\/d-jurada-sub-directora-g-1.pdf\" class=\"wpfd_downloadlink\" title=\"D.-Jurada-Sub-Directora-G.-1\">D.-Jurada-Sub-Directora-G.-1<\/a><\/h3>                            <div class=\"file-xinfo\">                                <div class=\"file-size\"><span>Size:<\/span> 1.16 MB<\/div><div class=\"file-hits\"><span>Hits:<\/span> 163<\/div><div class=\"file-dated\"><span>Date added:<\/span> 03-07-2021<\/div>                            <\/div>                        <\/div>                        <div class=\"file-right\">                            <a class=\"downloadlink wpfd_downloadlink\"  href=\"https:\/\/ipe.edu.do\/transparencia\/download\/14\/declaracion-patrimonio\/230\/d-jurada-sub-directora-g-1.pdf\" style=\"background-color:#76bc58;color:#ffffff;\">Download<i class=\"zmdi zmdi-cloud-download wpfd-download\"><\/i><\/a><a                            href=\"https:\/\/docs.google.com\/viewer?url=https%3A%2F%2Fipe.edu.do%2Ftransparencia%2Fwp-admin%2Fadmin-ajax.php%3Fjuwpfisadmin%3Dfalse%26action%3Dwpfd%26task%3Dfile.download%26wpfd_category_id%3D14%26wpfd_file_id%3D230%26token%3D%26preview%3D1&#038;embedded=true\"                            class=\"openlink wpfdlightbox wpfd_previewlink\"                            target=\"\"                            data-id=\"230\"                            data-catid=\"14\"                            data-file-type=\"pdf\">Preview<i class=\"zmdi zmdi-filter-center-focus wpfd-preview\"><\/i>                        <\/a>                        <\/div>                    <\/div>                                    <div class=\"file\" style=\"margin : 10px 10px 10px 10px;\"                         data-id=\"229\"                         data-catid=\"14\">                        <div class=\"filecontent\">                            <div class=\"ext ext-pdf\"><span class=\"txt\">pdf<\/div><h3><a href=\"https:\/\/ipe.edu.do\/transparencia\/download\/14\/declaracion-patrimonio\/229\/d-jurada-director-g-1.pdf\" class=\"wpfd_downloadlink\" title=\"D.-Jurada-Director-G.-1\">D.-Jurada-Director-G.-1<\/a><\/h3>                            <div class=\"file-xinfo\">                                <div class=\"file-size\"><span>Size:<\/span> 1.39 MB<\/div><div class=\"file-hits\"><span>Hits:<\/span> 262<\/div><div class=\"file-dated\"><span>Date added:<\/span> 03-07-2021<\/div>                            <\/div>                        <\/div>                        <div class=\"file-right\">                            <a class=\"downloadlink wpfd_downloadlink\"  href=\"https:\/\/ipe.edu.do\/transparencia\/download\/14\/declaracion-patrimonio\/229\/d-jurada-director-g-1.pdf\" style=\"background-color:#76bc58;color:#ffffff;\">Download<i class=\"zmdi zmdi-cloud-download wpfd-download\"><\/i><\/a><a                            href=\"https:\/\/docs.google.com\/viewer?url=https%3A%2F%2Fipe.edu.do%2Ftransparencia%2Fwp-admin%2Fadmin-ajax.php%3Fjuwpfisadmin%3Dfalse%26action%3Dwpfd%26task%3Dfile.download%26wpfd_category_id%3D14%26wpfd_file_id%3D229%26token%3D%26preview%3D1&#038;embedded=true\"                            class=\"openlink wpfdlightbox wpfd_previewlink\"                            target=\"\"                            data-id=\"229\"                            data-catid=\"14\"                            data-file-type=\"pdf\">Preview<i class=\"zmdi zmdi-filter-center-focus wpfd-preview\"><\/i>                        <\/a>                        <\/div>                    <\/div>                                    <div class=\"file\" style=\"margin : 10px 10px 10px 10px;\"                         data-id=\"233\"                         data-catid=\"14\">                        <div class=\"filecontent\">                            <div class=\"ext ext-pdf\"><span class=\"txt\">pdf<\/div><h3><a href=\"https:\/\/ipe.edu.do\/transparencia\/download\/14\/declaracion-patrimonio\/233\/4encargadocompras.pdf\" class=\"wpfd_downloadlink\" title=\"4encargadocompras\">4encargadocompras<\/a><\/h3>                            <div class=\"file-xinfo\">                                <div class=\"file-size\"><span>Size:<\/span> 2.14 MB<\/div><div class=\"file-hits\"><span>Hits:<\/span> 121<\/div><div class=\"file-dated\"><span>Date added:<\/span> 03-07-2021<\/div>                            <\/div>                        <\/div>                        <div class=\"file-right\">                            <a class=\"downloadlink wpfd_downloadlink\"  href=\"https:\/\/ipe.edu.do\/transparencia\/download\/14\/declaracion-patrimonio\/233\/4encargadocompras.pdf\" style=\"background-color:#76bc58;color:#ffffff;\">Download<i class=\"zmdi zmdi-cloud-download wpfd-download\"><\/i><\/a><a                            href=\"https:\/\/docs.google.com\/viewer?url=https%3A%2F%2Fipe.edu.do%2Ftransparencia%2Fwp-admin%2Fadmin-ajax.php%3Fjuwpfisadmin%3Dfalse%26action%3Dwpfd%26task%3Dfile.download%26wpfd_category_id%3D14%26wpfd_file_id%3D233%26token%3D%26preview%3D1&#038;embedded=true\"                            class=\"openlink wpfdlightbox wpfd_previewlink\"                            target=\"\"                            data-id=\"233\"                            data-catid=\"14\"                            data-file-type=\"pdf\">Preview<i class=\"zmdi zmdi-filter-center-focus wpfd-preview\"><\/i>                        <\/a>                        <\/div>                    <\/div>                                    <div class=\"file\" style=\"margin : 10px 10px 10px 10px;\"                         data-id=\"232\"                         data-catid=\"14\">                        <div class=\"filecontent\">                            <div class=\"ext ext-pdf\"><span class=\"txt\">pdf<\/div><h3><a href=\"https:\/\/ipe.edu.do\/transparencia\/download\/14\/declaracion-patrimonio\/232\/3directorfinanciera.pdf\" class=\"wpfd_downloadlink\" title=\"3directorfinanciera\">3directorfinanciera<\/a><\/h3>                            <div class=\"file-xinfo\">                                <div class=\"file-size\"><span>Size:<\/span> 2.87 MB<\/div><div class=\"file-hits\"><span>Hits:<\/span> 142<\/div><div class=\"file-dated\"><span>Date added:<\/span> 03-07-2021<\/div>                            <\/div>                        <\/div>                        <div class=\"file-right\">                            <a class=\"downloadlink wpfd_downloadlink\"  href=\"https:\/\/ipe.edu.do\/transparencia\/download\/14\/declaracion-patrimonio\/232\/3directorfinanciera.pdf\" style=\"background-color:#76bc58;color:#ffffff;\">Download<i class=\"zmdi zmdi-cloud-download wpfd-download\"><\/i><\/a><a                            href=\"https:\/\/docs.google.com\/viewer?url=https%3A%2F%2Fipe.edu.do%2Ftransparencia%2Fwp-admin%2Fadmin-ajax.php%3Fjuwpfisadmin%3Dfalse%26action%3Dwpfd%26task%3Dfile.download%26wpfd_category_id%3D14%26wpfd_file_id%3D232%26token%3D%26preview%3D1&#038;embedded=true\"                            class=\"openlink wpfdlightbox wpfd_previewlink\"                            target=\"\"                            data-id=\"232\"                            data-catid=\"14\"                            data-file-type=\"pdf\">Preview<i class=\"zmdi zmdi-filter-center-focus wpfd-preview\"><\/i>                        <\/a>                        <\/div>                    <\/div>                                <div class=\"file flex_span\" style=\"margin : 10px 10px 10px 10px;\"><\/div>            <\/div>            <\/div><\/div><\/div><\/p>\n","protected":false},"excerpt":{"rendered":"<p>Los Datos personales han sido protegidos de conformidad con el art\u00edculo 18 de la Ley 200-04 de Libre Accceso a la Informaci\u00f3n P\u00fablica, de fecha 28 de junio de 2004 y el art\u00edculo 28 de su Reglamento de aplicaci\u00f3n, aprobado mediante Decreto 130-05, de fecha 25 de febrero de 2005. Ley 311-14 Que instituye el&#8230;<\/p>\n","protected":false},"author":1,"featured_media":699,"parent":0,"menu_order":0,"comment_status":"closed","ping_status":"closed","template":"","meta":{"_monsterinsights_skip_tracking":false,"_monsterinsights_sitenote_active":false,"_monsterinsights_sitenote_note":"","_monsterinsights_sitenote_category":0,"_uf_show_specific_survey":0,"_uf_disable_surveys":false,"footnotes":""},"class_list":["post-54","page","type-page","status-publish","has-post-thumbnail","hentry"],"aioseo_notices":[],"_links":{"self":[{"href":"https:\/\/ipe.edu.do\/transparencia\/wp-json\/wp\/v2\/pages\/54","targetHints":{"allow":["GET"]}}],"collection":[{"href":"https:\/\/ipe.edu.do\/transparencia\/wp-json\/wp\/v2\/pages"}],"about":[{"href":"https:\/\/ipe.edu.do\/transparencia\/wp-json\/wp\/v2\/types\/page"}],"author":[{"embeddable":true,"href":"https:\/\/ipe.edu.do\/transparencia\/wp-json\/wp\/v2\/users\/1"}],"replies":[{"embeddable":true,"href":"https:\/\/ipe.edu.do\/transparencia\/wp-json\/wp\/v2\/comments?post=54"}],"version-history":[{"count":3,"href":"https:\/\/ipe.edu.do\/transparencia\/wp-json\/wp\/v2\/pages\/54\/revisions"}],"predecessor-version":[{"id":234,"href":"https:\/\/ipe.edu.do\/transparencia\/wp-json\/wp\/v2\/pages\/54\/revisions\/234"}],"wp:featuredmedia":[{"embeddable":true,"href":"https:\/\/ipe.edu.do\/transparencia\/wp-json\/wp\/v2\/media\/699"}],"wp:attachment":[{"href":"https:\/\/ipe.edu.do\/transparencia\/wp-json\/wp\/v2\/media?parent=54"}],"curies":[{"name":"wp","href":"https:\/\/api.w.org\/{rel}","templated":true}]}}