{"id":144,"date":"2020-12-13T21:48:34","date_gmt":"2020-12-13T21:48:34","guid":{"rendered":"http:\/\/localhost:8080\/policianacional\/transparencia\/?page_id=144"},"modified":"2021-07-03T12:34:53","modified_gmt":"2021-07-03T12:34:53","slug":"como-registrarse-como-proveedor-del-estado","status":"publish","type":"page","link":"https:\/\/ipe.edu.do\/transparencia\/como-registrarse-como-proveedor-del-estado\/","title":{"rendered":"C\u00f3mo Registrarse como Proveedor del Estado"},"content":{"rendered":"<h3>\u00bfC\u00f3mo registrarse como Proveedor del Estado?<\/h3>\n<p>Los proveedores interesados en ofrecer bienes y servicios a la Direcci\u00f3n General de \u00c9tica e Integridad Gubernamental deben cumplir con los siguientes requisitos:<\/p>\n<ol>\n<li>Contar con el Registro de Proveedores del Estado (RPE), seg\u00fan lo establecido en el portal\u00a0<a href=\"https:\/\/www.dgcp.gob.do\/servicios\/registro-de-proveedores\/\" rel=\"noopener noreferrer\"><strong>https:\/\/www.dgcp.gob.do\/servicios\/registro-de-proveedores\/<\/strong><\/a><\/li>\n<li>Estar al d\u00eda en el pago de sus obligaciones fiscales.<\/li>\n<li>Depositar en el Departamento de Compras* un Portafolio de Negocios que incluya:\n<ol>\n<li>Descripci\u00f3n de la empresa<\/li>\n<li>Bienes y servicios ofrecidos<\/li>\n<li>Servicios de valor a\u00f1adido<\/li>\n<li>Experiencia en el mercado<\/li>\n<li>Referencias comerciales<\/li>\n<li>T\u00e9rminos de pago<\/li>\n<li>T\u00e9rminos de entrega<\/li>\n<\/ol>\n<\/li>\n<li>Participar de los procesos de las compras y contrataciones publicados a trav\u00e9s de este portal y la Direcci\u00f3n General de Contrataciones P\u00fablicas\u00a0<strong><a href=\"https:\/\/www.dgcp.gob.do\/servicios\/registro-de-proveedores\/\" rel=\"noopener noreferrer\">https:\/\/www.dgcp.gob.do\/servicios\/registro-de-proveedores\/<\/a><\/strong>\u00a0y en el portal de nuestra organizaci\u00f3n gubernamental en la secci\u00f3n de transparencia.<\/li>\n<\/ol>\n","protected":false},"excerpt":{"rendered":"<p>\u00bfC\u00f3mo registrarse como Proveedor del Estado? Los proveedores interesados en ofrecer bienes y servicios a la Direcci\u00f3n General de \u00c9tica e Integridad Gubernamental deben cumplir con los siguientes requisitos: Contar con el Registro de Proveedores del Estado (RPE), seg\u00fan lo establecido en el portal\u00a0https:\/\/www.dgcp.gob.do\/servicios\/registro-de-proveedores\/ Estar al d\u00eda en el pago de sus obligaciones fiscales. Depositar&#8230;<\/p>\n","protected":false},"author":1,"featured_media":0,"parent":0,"menu_order":0,"comment_status":"closed","ping_status":"closed","template":"","meta":{"_monsterinsights_skip_tracking":false,"_monsterinsights_sitenote_active":false,"_monsterinsights_sitenote_note":"","_monsterinsights_sitenote_category":0,"_uf_show_specific_survey":0,"_uf_disable_surveys":false,"footnotes":""},"class_list":["post-144","page","type-page","status-publish","hentry"],"aioseo_notices":[],"_links":{"self":[{"href":"https:\/\/ipe.edu.do\/transparencia\/wp-json\/wp\/v2\/pages\/144","targetHints":{"allow":["GET"]}}],"collection":[{"href":"https:\/\/ipe.edu.do\/transparencia\/wp-json\/wp\/v2\/pages"}],"about":[{"href":"https:\/\/ipe.edu.do\/transparencia\/wp-json\/wp\/v2\/types\/page"}],"author":[{"embeddable":true,"href":"https:\/\/ipe.edu.do\/transparencia\/wp-json\/wp\/v2\/users\/1"}],"replies":[{"embeddable":true,"href":"https:\/\/ipe.edu.do\/transparencia\/wp-json\/wp\/v2\/comments?post=144"}],"version-history":[{"count":2,"href":"https:\/\/ipe.edu.do\/transparencia\/wp-json\/wp\/v2\/pages\/144\/revisions"}],"predecessor-version":[{"id":377,"href":"https:\/\/ipe.edu.do\/transparencia\/wp-json\/wp\/v2\/pages\/144\/revisions\/377"}],"wp:attachment":[{"href":"https:\/\/ipe.edu.do\/transparencia\/wp-json\/wp\/v2\/media?parent=144"}],"curies":[{"name":"wp","href":"https:\/\/api.w.org\/{rel}","templated":true}]}}