{"id":120,"date":"2020-12-13T21:30:53","date_gmt":"2020-12-13T21:30:53","guid":{"rendered":"http:\/\/localhost:8080\/policianacional\/transparencia\/?page_id=120"},"modified":"2020-12-13T23:01:51","modified_gmt":"2020-12-13T23:01:51","slug":"plan-estrategico-institucional","status":"publish","type":"page","link":"https:\/\/ipe.edu.do\/transparencia\/plan-estrategico-institucional\/","title":{"rendered":"Plan Estrat\u00e9gico Institucional"},"content":{"rendered":"<p>El cumplimiento de la misi\u00f3n que la Constituci\u00f3n de la Rep\u00fablica Dominicana establece para la Polic\u00eda Nacional, solo ser\u00e1 posible a partir de una transformaci\u00f3n institucional integral y profunda. Hemos iniciado esta tarea, necesaria y urgente como pocas, con un proceso de an\u00e1lisis y planificaci\u00f3n estrat\u00e9gico que culmina con el presente Plan Estrat\u00e9gico 2016-2020.<\/p>\n<p>En efecto, el prop\u00f3sito principal de este Plan Estrat\u00e9gico es provocar y gestionar el cambio de la instituci\u00f3n en su tr\u00e1nsito, hasta convertirse en la organizaci\u00f3n policial que merece la ciudadan\u00eda dominicana: un cuerpo de polic\u00eda capaz de brindar un servicio de seguridad preventiva: efectivo, eficaz y con altos est\u00e1ndares de calidad; as\u00ed como ejercer sus funciones de investigaci\u00f3n y de inteligencia, con total apego a la ley, con el fin de evitar que se cometan delitos sin que el sistema de administraci\u00f3n de justicia los penalice.<\/p>\n<p>Es evidente que este proceso demandar\u00e1 un gran esfuerzo de educaci\u00f3n y capacitaci\u00f3n de los recursos humanos, de intervenci\u00f3n y mejora de los procesos y las estructuras institucionales, as\u00ed como de fortalecimiento de las estructuras gerenciales y de gobernanza.<\/p>\n<p>Sabemos que se trata de una labor compleja y de largo alcance en tiempo y trascendencia, que requiere del compromiso y del enfoque del liderazgo de la Polic\u00eda Nacional en los a\u00f1os por venir. El Plan Estrat\u00e9gico constituye una expresi\u00f3n de este compromiso del liderazgo institucional con el sostenimiento de la voluntad y de los esfuerzos de transformaci\u00f3n por el tiempo necesario, hasta alcanzar las metas de excelencia en el servicio que el propio Plan Estrat\u00e9gico establece.<\/p>\n<p>Como servidores p\u00fablicos, es importante que entendamos que nuestra atenci\u00f3n debe estar orientada a garantizar los objetivos por los cuales fuimos llamados. Por tanto, el Plan Estrat\u00e9gico debe ser mucho m\u00e1s que un documento consultivo. Est\u00e1 llamado a constituirse en la herramienta de trabajo por excelencia en el d\u00eda a d\u00eda de nuestras operaciones, y en el enfoque principal en lo administrativo y gerencial.<\/p>\n<p>Asimismo, es importante entender que para que este proceso de transformaci\u00f3n institucional, surta efectos a mediano y largo plazo, necesita contar con el apoyo de todas las entidades involucradas en la provisi\u00f3n de seguridad ciudadana, especialmente del sujeto principal de nuestra misi\u00f3n institucional: la ciudadan\u00eda.<\/p>\n<p>Desarrollar este nivel de confianza requiere de un ejercicio transparente y \u00e9tico, de forma que nuestra conducta se caracterice por el compromiso permanente con las buenas pr\u00e1cticas de administraci\u00f3n p\u00fablica, las cuales condicionan de forma directa el objetivo final, que es la seguridad ciudadana.<\/p>\n<p>El Plan Estrat\u00e9gico 2016-2020, cont\u00f3 con el apoyo de profesionales de alto nivel y con vasta experiencia, tanto a lo interno de nuestra instituci\u00f3n, a trav\u00e9s de nuestra Direcci\u00f3n de Planificaci\u00f3n y Desarrollo, como a lo externo, con el apoyo de la Agencia de los Estados Unidos para el Desarrollo Internacional (USAID) y el Programa Internacional de Asistencia al Entrenamiento en Investigaci\u00f3n Criminal (ICITAP) del Departamento de Justicia de los Estados Unidos. El trabajo conjunto entre nuestras instituciones permiti\u00f3 construir este Plan Estrat\u00e9gico 2016-2020, el cual constituye el mapa de ruta fundamental para el desarrollo institucional de esta y futuras direcciones de nuestra Polic\u00eda Nacional. As\u00ed lo esperamos.<\/p>\n","protected":false},"excerpt":{"rendered":"<p>El cumplimiento de la misi\u00f3n que la Constituci\u00f3n de la Rep\u00fablica Dominicana establece para la Polic\u00eda Nacional, solo ser\u00e1 posible a partir de una transformaci\u00f3n institucional integral y profunda. Hemos iniciado esta tarea, necesaria y urgente como pocas, con un proceso de an\u00e1lisis y planificaci\u00f3n estrat\u00e9gico que culmina con el presente Plan Estrat\u00e9gico 2016-2020. En&#8230;<\/p>\n","protected":false},"author":1,"featured_media":0,"parent":0,"menu_order":0,"comment_status":"closed","ping_status":"closed","template":"","meta":{"_monsterinsights_skip_tracking":false,"_monsterinsights_sitenote_active":false,"_monsterinsights_sitenote_note":"","_monsterinsights_sitenote_category":0,"_uf_show_specific_survey":0,"_uf_disable_surveys":false,"footnotes":""},"class_list":["post-120","page","type-page","status-publish","hentry"],"aioseo_notices":[],"_links":{"self":[{"href":"https:\/\/ipe.edu.do\/transparencia\/wp-json\/wp\/v2\/pages\/120","targetHints":{"allow":["GET"]}}],"collection":[{"href":"https:\/\/ipe.edu.do\/transparencia\/wp-json\/wp\/v2\/pages"}],"about":[{"href":"https:\/\/ipe.edu.do\/transparencia\/wp-json\/wp\/v2\/types\/page"}],"author":[{"embeddable":true,"href":"https:\/\/ipe.edu.do\/transparencia\/wp-json\/wp\/v2\/users\/1"}],"replies":[{"embeddable":true,"href":"https:\/\/ipe.edu.do\/transparencia\/wp-json\/wp\/v2\/comments?post=120"}],"version-history":[{"count":2,"href":"https:\/\/ipe.edu.do\/transparencia\/wp-json\/wp\/v2\/pages\/120\/revisions"}],"predecessor-version":[{"id":210,"href":"https:\/\/ipe.edu.do\/transparencia\/wp-json\/wp\/v2\/pages\/120\/revisions\/210"}],"wp:attachment":[{"href":"https:\/\/ipe.edu.do\/transparencia\/wp-json\/wp\/v2\/media?parent=120"}],"curies":[{"name":"wp","href":"https:\/\/api.w.org\/{rel}","templated":true}]}}