{"id":117,"date":"2020-12-13T21:24:14","date_gmt":"2020-12-13T21:24:14","guid":{"rendered":"http:\/\/localhost:8080\/policianacional\/transparencia\/?page_id=117"},"modified":"2021-07-03T12:17:51","modified_gmt":"2021-07-03T12:17:51","slug":"indice-de-transparencia-estandarizado","status":"publish","type":"page","link":"https:\/\/ipe.edu.do\/transparencia\/oficina-de-libre-acceso-a-la-informacion-oai\/indice-de-transparencia-estandarizado\/","title":{"rendered":"\u00cdndice de Transparencia Estandarizado"},"content":{"rendered":"<div class=\"wpb-content-wrapper\"><section class=\"l-section wpb_row height_medium\"><div class=\"l-section-h i-cf\"><div class=\"g-cols vc_row type_default valign_top\"><div class=\"vc_col-sm-12 wpb_column vc_column_container\"><div class=\"vc_column-inner\"><div class=\"wpb_wrapper\"><div class=\"wpb_text_column\" ><div class=\"wpb_wrapper\"><h3>Normas sobre Tecnolog\u00edas de la Informaci\u00f3n y Comunicaci\u00f3n<\/h3>\n<\/div><\/div><div class=\"g-cols wpb_row  type_default valign_top vc_inner\"><div class=\"vc_col-sm-4 wpb_column vc_column_container\"><div class=\"vc_column-inner\"><div class=\"wpb_wrapper\"><div class=\"w-image align_center\"><a target=\"_blank\" href=\"https:\/\/optic.gob.do\/nortic\/index.php\/certificaciones\/instituciones-certificadas\/item\/policia-nacional-pn-2\" rel=\"noopener\" aria-label=\"Enlace\" class=\"w-image-h\"><img loading=\"lazy\" decoding=\"async\" width=\"83\" height=\"100\" src=\"https:\/\/ipe.edu.do\/transparencia\/wp-content\/uploads\/2021\/07\/sello_a3_2019.png\" class=\"attachment-large size-large\" alt=\"\" \/><\/a><\/div><\/div><\/div><\/div><div class=\"vc_col-sm-4 wpb_column vc_column_container\"><div class=\"vc_column-inner\"><div class=\"wpb_wrapper\"><div class=\"w-image align_center\"><a target=\"_blank\" href=\"https:\/\/optic.gob.do\/nortic\/index.php\/certificaciones\/instituciones-certificadas\/item\/policia-nacional-pn-2\" rel=\"noopener\" aria-label=\"Enlace\" class=\"w-image-h\"><img loading=\"lazy\" decoding=\"async\" width=\"83\" height=\"100\" src=\"https:\/\/ipe.edu.do\/transparencia\/wp-content\/uploads\/2021\/07\/norma_a2_imagen.png\" class=\"attachment-large size-large\" alt=\"\" \/><\/a><\/div><\/div><\/div><\/div><div class=\"vc_col-sm-4 wpb_column vc_column_container\"><div class=\"vc_column-inner\"><div class=\"wpb_wrapper\"><div class=\"w-image align_center\"><a target=\"_blank\" href=\"https:\/\/optic.gob.do\/nortic\/index.php\/certificaciones\/instituciones-certificadas\/item\/policia-nacional-pn-2\" rel=\"noopener\" aria-label=\"Enlace\" class=\"w-image-h\"><img loading=\"lazy\" decoding=\"async\" width=\"83\" height=\"100\" src=\"https:\/\/ipe.edu.do\/transparencia\/wp-content\/uploads\/2021\/07\/norma_e1_policia_noviembre_2018.png\" class=\"attachment-large size-large\" alt=\"\" \/><\/a><\/div><\/div><\/div><\/div><\/div><\/div><\/div><\/div><\/div><\/div><\/section>\n<\/div>","protected":false},"excerpt":{"rendered":"Normas sobre Tecnolog\u00edas de la Informaci\u00f3n y Comunicaci\u00f3n","protected":false},"author":1,"featured_media":0,"parent":78,"menu_order":0,"comment_status":"closed","ping_status":"closed","template":"","meta":{"_monsterinsights_skip_tracking":false,"_monsterinsights_sitenote_active":false,"_monsterinsights_sitenote_note":"","_monsterinsights_sitenote_category":0,"_uf_show_specific_survey":0,"_uf_disable_surveys":false,"footnotes":""},"class_list":["post-117","page","type-page","status-publish","hentry"],"aioseo_notices":[],"_links":{"self":[{"href":"https:\/\/ipe.edu.do\/transparencia\/wp-json\/wp\/v2\/pages\/117","targetHints":{"allow":["GET"]}}],"collection":[{"href":"https:\/\/ipe.edu.do\/transparencia\/wp-json\/wp\/v2\/pages"}],"about":[{"href":"https:\/\/ipe.edu.do\/transparencia\/wp-json\/wp\/v2\/types\/page"}],"author":[{"embeddable":true,"href":"https:\/\/ipe.edu.do\/transparencia\/wp-json\/wp\/v2\/users\/1"}],"replies":[{"embeddable":true,"href":"https:\/\/ipe.edu.do\/transparencia\/wp-json\/wp\/v2\/comments?post=117"}],"version-history":[{"count":4,"href":"https:\/\/ipe.edu.do\/transparencia\/wp-json\/wp\/v2\/pages\/117\/revisions"}],"predecessor-version":[{"id":355,"href":"https:\/\/ipe.edu.do\/transparencia\/wp-json\/wp\/v2\/pages\/117\/revisions\/355"}],"up":[{"embeddable":true,"href":"https:\/\/ipe.edu.do\/transparencia\/wp-json\/wp\/v2\/pages\/78"}],"wp:attachment":[{"href":"https:\/\/ipe.edu.do\/transparencia\/wp-json\/wp\/v2\/media?parent=117"}],"curies":[{"name":"wp","href":"https:\/\/api.w.org\/{rel}","templated":true}]}}